{"id":49430,"date":"2026-05-01T10:49:43","date_gmt":"2026-05-01T10:49:43","guid":{"rendered":"https:\/\/emeniro.lovehorses.lv\/product\/daikin-emura-3-klimaanlage-ftxtj30ab-rxtj30a-mattweis-42-kw\/"},"modified":"2026-05-01T13:58:34","modified_gmt":"2026-05-01T13:58:34","slug":"daikin-emura-3-klimaanlage-ftxtj30ab-rxtj30a-mattweis-42-kw","status":"publish","type":"product","link":"https:\/\/emeniro.lovehorses.lv\/ru\/product\/daikin-emura-3-klimaanlage-ftxtj30ab-rxtj30a-mattweis-42-kw\/","title":{"rendered":"DAIKIN Emura 3 \u043a\u043e\u043d\u0434\u0438\u0446\u0438\u043e\u043d\u0435\u0440 FTXTJ30AB \/ RXTJ30A | \u043c\u0430\u0442\u043e\u0432\u044b\u0439 \u0431\u0435\u043b\u044b\u0439 | 4,2 \u043a\u0412\u0442"},"content":{"rendered":"<p>\u0412\u043e\u0437\u0434\u0443\u0445-\u0432\u043e\u0437\u0434\u0443\u0445 \u0442\u0435\u043f\u043b\u043e\u0432\u044b\u0435 \u043d\u0430\u0441\u043e\u0441\u044b<\/p>\n<p>Nomin\u0101l\u0101 dzes\u0113\u0161\u0101nas jauda\u00a0 \u00a0 \u00a03kW<br \/>Nomin\u0101l\u0101 sild\u012b\u0161anas jauda\u00a0 \u00a0 \u00a03.2kW<br \/>\u041a\u043e\u043d\u0434\u0438\u0446\u0438\u043e\u043d\u0435\u0440\u044b<br \/>Efekt\u012bva darb\u012bba \u0101ra temperat\u016brai\u00a0 \u00a0 \u00a0l\u012bdz -30\u00b0C<br \/>Veids\u00a0 \u00a0 \u00a0Siltums\u016bknis<br \/>Energoefektivit\u0101tes klase\u00a0 \u00a0 \u00a0A+++<br \/>SEER \/ SCOP\u00a0 \u00a0 \u00a08.75 \/ 5.17<br \/>Freons\u00a0 \u00a0 \u00a0R32<br \/>Iek\u0161telpu bloka trok\u0161\u0146a l\u012bmenis\u00a0 \u00a0 \u00a019-41 dB(A)<br \/>\u0100ra bloka trok\u0161\u0146u l\u012bmenis\u00a0 \u00a0 \u00a049 dB(A)<br \/>\u0100r\u0113ja bloka izm\u0113rs\u00a0 \u00a0 \u00a0605x930x376 mm<br \/>Iek\u0161\u0113ja bloka izm\u0113rs\u00a0 \u00a0 \u00a0305x900x212 mm<br \/>\u0100r\u0113j\u0101 bloka svars\u00a0 \u00a0 \u00a042 kg<br \/>Iek\u0161telpu bloka svars\u00a0 \u00a0 \u00a012 kg<br \/>Elektriskais piesl\u0113gums\u00a0 \u00a0 \u00a0220v<\/p><\/p>","protected":false},"excerpt":{"rendered":"<p>Gaiss-gaiss siltums\u016bk\u0146i Nomin\u0101l\u0101 dzes\u0113\u0161\u0101nas jauda\u00a0 \u00a0 \u00a03kWNomin\u0101l\u0101 sild\u012b\u0161anas jauda\u00a0 \u00a0 \u00a03.2kWKondicionieriEfekt\u012bva darb\u012bba \u0101ra temperat\u016brai\u00a0 \u00a0 \u00a0l\u012bdz -30\u00b0CVeids\u00a0 \u00a0 \u00a0Siltums\u016bknisEnergoefektivit\u0101tes klase\u00a0 \u00a0 \u00a0A+++SEER \/ SCOP\u00a0 \u00a0 \u00a08.75 \/ 5.17Freons\u00a0 \u00a0 \u00a0R32Iek\u0161telpu bloka trok\u0161\u0146a l\u012bmenis\u00a0 \u00a0 \u00a019-41 dB(A)\u0100ra bloka trok\u0161\u0146u l\u012bmenis\u00a0 \u00a0 \u00a049 dB(A)\u0100r\u0113ja bloka izm\u0113rs\u00a0 \u00a0 \u00a0605x930x376 mmIek\u0161\u0113ja bloka izm\u0113rs\u00a0 \u00a0 \u00a0305x900x212 mm\u0100r\u0113j\u0101 bloka svars\u00a0 \u00a0 [&hellip;]<\/p>\n","protected":false},"featured_media":49427,"comment_status":"open","ping_status":"closed","template":"","meta":{"_joinchat":[]},"product_brand":[317],"product_cat":[367],"product_tag":[],"class_list":{"0":"post-49430","1":"product","2":"type-product","3":"status-publish","4":"has-post-thumbnail","6":"product_brand-daikin","7":"product_cat-siltumtehnika-siltumsukni-kondicionieri","9":"first","10":"instock","11":"shipping-taxable","12":"purchasable","13":"product-type-simple"},"_links":{"self":[{"href":"https:\/\/emeniro.lovehorses.lv\/ru\/wp-json\/wp\/v2\/product\/49430","targetHints":{"allow":["GET"]}}],"collection":[{"href":"https:\/\/emeniro.lovehorses.lv\/ru\/wp-json\/wp\/v2\/product"}],"about":[{"href":"https:\/\/emeniro.lovehorses.lv\/ru\/wp-json\/wp\/v2\/types\/product"}],"replies":[{"embeddable":true,"href":"https:\/\/emeniro.lovehorses.lv\/ru\/wp-json\/wp\/v2\/comments?post=49430"}],"wp:featuredmedia":[{"embeddable":true,"href":"https:\/\/emeniro.lovehorses.lv\/ru\/wp-json\/wp\/v2\/media\/49427"}],"wp:attachment":[{"href":"https:\/\/emeniro.lovehorses.lv\/ru\/wp-json\/wp\/v2\/media?parent=49430"}],"wp:term":[{"taxonomy":"product_brand","embeddable":true,"href":"https:\/\/emeniro.lovehorses.lv\/ru\/wp-json\/wp\/v2\/product_brand?post=49430"},{"taxonomy":"product_cat","embeddable":true,"href":"https:\/\/emeniro.lovehorses.lv\/ru\/wp-json\/wp\/v2\/product_cat?post=49430"},{"taxonomy":"product_tag","embeddable":true,"href":"https:\/\/emeniro.lovehorses.lv\/ru\/wp-json\/wp\/v2\/product_tag?post=49430"}],"curies":[{"name":"wp","href":"https:\/\/api.w.org\/{rel}","templated":true}]}}