{"id":49730,"date":"2026-05-06T16:42:09","date_gmt":"2026-05-06T16:42:09","guid":{"rendered":"https:\/\/emeniro.lovehorses.lv\/?post_type=product&#038;p=49730"},"modified":"2026-05-06T16:56:19","modified_gmt":"2026-05-06T16:56:19","slug":"schlosser-fs4043mxzw","status":"publish","type":"product","link":"https:\/\/emeniro.lovehorses.lv\/ru\/product\/schlosser-fs4043mxzw\/","title":{"rendered":"Schlosser FS4043MXZW"},"content":{"rendered":"<table class=\"table table-sm table-striped\">\n<thead>\n<tr>\n<th colspan=\"3\">\u041e\u0441\u043d\u043e\u0432\u043d\u0430\u044f \u0438\u043d\u0444\u043e\u0440\u043c\u0430\u0446\u0438\u044f<\/th>\n<\/tr>\n<\/thead>\n<tbody>\n<tr>\n<th class=\"info\"><\/th>\n<th class=\"name\">\u0422\u043e\u0440\u0433\u043e\u0432\u0430\u044f \u043c\u0430\u0440\u043a\u0430<\/th>\n<td class=\"value\">Schlosser<\/td>\n<\/tr>\n<tr>\n<th class=\"info\"><\/th>\n<th class=\"name\">\u0422\u0435\u043f\u043b\u044b\u0439 \u043f\u043b\u043e\u0442<\/th>\n<td class=\"value\">\u042d\u043b\u0435\u043a\u0442\u0440\u0438\u0447\u0435\u0441\u043a\u0430\u044f<\/td>\n<\/tr>\n<tr>\n<th class=\"info\"><\/th>\n<th class=\"name\">\u0426\u0432\u0435\u0442<\/th>\n<td class=\"value\">\u0411\u0435\u043b\u044b\u0439<\/td>\n<\/tr>\n<tr>\n<th class=\"info\"><\/th>\n<th class=\"name\">\u041a\u043b\u0430\u0441\u0441 \u044d\u043d\u0435\u0440\u0433\u043e\u044d\u0444\u0444\u0435\u043a\u0442\u0438\u0432\u043d\u043e\u0441\u0442\u0438<\/th>\n<td class=\"value\">A<\/td>\n<\/tr>\n<tr>\n<th class=\"info\"><\/th>\n<th class=\"name\">\u041a\u043e\u043b\u0438\u0447\u0435\u0441\u0442\u0432\u043e \u043d\u0430\u0433\u0440\u0435\u0432\u0430\u0442\u0435\u043b\u044c\u043d\u044b\u0445 \u043a\u043e\u043b\u0435\u0446<\/th>\n<td class=\"value\">4<\/td>\n<\/tr>\n<\/tbody>\n<thead>\n<tr>\n<th colspan=\"3\">\u0420\u0430\u0437\u043c\u0435\u0440\u044b, \u0432\u0435\u0441<\/th>\n<\/tr>\n<\/thead>\n<tbody>\n<tr>\n<th class=\"info\"><\/th>\n<th class=\"name\">\u0412\u044b\u0441\u043e\u0442\u0430<\/th>\n<td class=\"value\">85 \u0441\u043c<\/td>\n<\/tr>\n<tr>\n<th class=\"info\"><\/th>\n<th class=\"name\">\u0428\u0438\u0440\u0438\u043d\u0430<\/th>\n<td class=\"value\">50 \u0441\u043c<\/td>\n<\/tr>\n<tr>\n<th class=\"info\"><\/th>\n<th class=\"name\">\u0413\u043b\u0443\u0431\u0438\u043d\u0430<\/th>\n<td class=\"value\">55 \u0441\u043c<\/td>\n<\/tr>\n<tr>\n<th class=\"info\"><\/th>\n<th class=\"name\">\u0412\u0435\u0441<\/th>\n<td class=\"value\">43 \u043a\u0433<\/td>\n<\/tr>\n<tr>\n<th class=\"info\"><\/th>\n<th class=\"name\">\u0412\u0435\u0441 \u0441 \u0443\u043f\u0430\u043a\u043e\u0432\u043a\u043e\u0439<\/th>\n<td class=\"value\">48 \u043a\u0433<\/td>\n<\/tr>\n<\/tbody>\n<thead>\n<tr>\n<th colspan=\"3\">\u041f\u0430\u0440\u0430\u043c\u0435\u0442\u0440\u044b \u0434\u0443\u0445\u043e\u0432\u043a\u0438<\/th>\n<\/tr>\n<\/thead>\n<tbody>\n<tr>\n<th class=\"info\"><\/th>\n<th class=\"name\">\u0422\u0438\u043f \u0434\u0443\u0445\u043e\u0432\u043a\u0438<\/th>\n<td class=\"value\">Elektriska<\/td>\n<\/tr>\n<tr>\n<th class=\"info\"><\/th>\n<th class=\"name\">\u041e\u0431\u044a\u0435\u043c \u0434\u0443\u0445\u043e\u0432\u043a\u0438<\/th>\n<td class=\"value\">52 \u043b<\/td>\n<\/tr>\n<tr>\n<th class=\"info\"><\/th>\n<th class=\"name\">\u0410\u043a\u0441\u0435\u0441\u0441\u0443\u0430\u0440\u044b<\/th>\n<td class=\"value\">1 \u043f\u0440\u043e\u0442\u0438\u0432\u0435\u043d\u044c, 1 \u0440\u0435\u0448\u0435\u0442\u043a\u0430<\/td>\n<\/tr>\n<\/tbody>\n<\/table>","protected":false},"excerpt":{"rendered":"<p>Pamatinform\u0101cija Pre\u010du z\u012bme Schlosser Sildvirsma Elektrisk\u0101 Kr\u0101sa Balta Energoefektivit\u0101tes klase A Sildri\u0146\u0137u skaits 4 Izm\u0113ri, svars Augstums 85 cm Platums 50 cm Dzi\u013cums 55 cm Svars 43 kg Svars ar iepakojumu 48 kg Cepe\u0161kr\u0101sns parametri Cepe\u0161kr\u0101sns veids Elektriska Cepe\u0161kr\u0101sns tilpums 52 l Piederumi 1 cepe\u0161panna, 1 re\u017egis<\/p>","protected":false},"featured_media":0,"comment_status":"open","ping_status":"closed","template":"","meta":{"_joinchat":[]},"product_brand":[],"product_cat":[15],"product_tag":[],"class_list":{"0":"post-49730","1":"product","2":"type-product","3":"status-publish","5":"product_cat-uncategorized","7":"first","8":"instock","9":"shipping-taxable","10":"purchasable","11":"product-type-simple"},"_links":{"self":[{"href":"https:\/\/emeniro.lovehorses.lv\/ru\/wp-json\/wp\/v2\/product\/49730","targetHints":{"allow":["GET"]}}],"collection":[{"href":"https:\/\/emeniro.lovehorses.lv\/ru\/wp-json\/wp\/v2\/product"}],"about":[{"href":"https:\/\/emeniro.lovehorses.lv\/ru\/wp-json\/wp\/v2\/types\/product"}],"replies":[{"embeddable":true,"href":"https:\/\/emeniro.lovehorses.lv\/ru\/wp-json\/wp\/v2\/comments?post=49730"}],"wp:attachment":[{"href":"https:\/\/emeniro.lovehorses.lv\/ru\/wp-json\/wp\/v2\/media?parent=49730"}],"wp:term":[{"taxonomy":"product_brand","embeddable":true,"href":"https:\/\/emeniro.lovehorses.lv\/ru\/wp-json\/wp\/v2\/product_brand?post=49730"},{"taxonomy":"product_cat","embeddable":true,"href":"https:\/\/emeniro.lovehorses.lv\/ru\/wp-json\/wp\/v2\/product_cat?post=49730"},{"taxonomy":"product_tag","embeddable":true,"href":"https:\/\/emeniro.lovehorses.lv\/ru\/wp-json\/wp\/v2\/product_tag?post=49730"}],"curies":[{"name":"wp","href":"https:\/\/api.w.org\/{rel}","templated":true}]}}